{"id":997,"date":"2017-05-24T07:18:54","date_gmt":"2017-05-24T07:18:54","guid":{"rendered":"http:\/\/liceumjodlowa.pl\/?page_id=997"},"modified":"2026-03-16T07:52:40","modified_gmt":"2026-03-16T07:52:40","slug":"lo-profile","status":"publish","type":"page","link":"http:\/\/liceumjodlowa.pl\/?page_id=997","title":{"rendered":"LO &#8211; PROFILE"},"content":{"rendered":"<p style=\"text-align: center;\" align=\"justify\"><strong>Profile\u00a0 kszta\u0142cenia <\/strong><\/p>\n<p style=\"text-align: center;\" align=\"justify\"><strong>Liceum Og\u00f3lnokszta\u0142c\u0105ce im. Bartosza G\u0142owackiego w roku szkolnym 2026\/2027<\/strong><\/p>\n<p align=\"justify\"><strong>Oferujemy trzy profile kierunkowe:<\/strong><\/p>\n<p data-start=\"0\" data-end=\"298\"><strong data-start=\"0\" data-end=\"34\"><span class=\"BZ_Pyq_fadeIn\">1. &#x1f4f1; <\/span><span class=\"BZ_Pyq_fadeIn\">MEDIA <\/span><span class=\"BZ_Pyq_fadeIn\">CYFROWE <\/span><span class=\"BZ_Pyq_fadeIn\">I <\/span><span class=\"BZ_Pyq_fadeIn\">KOMUNIKACJA<\/span><\/strong><br data-start=\"34\" data-end=\"37\" \/><span class=\"BZ_Pyq_fadeIn\">Interesujesz <\/span><span class=\"BZ_Pyq_fadeIn\">si\u0119 <\/span><span class=\"BZ_Pyq_fadeIn\">mediami, <\/span><span class=\"BZ_Pyq_fadeIn\">internetem, <\/span><span class=\"BZ_Pyq_fadeIn\">technologi\u0105 <\/span><span class=\"BZ_Pyq_fadeIn\">i <\/span><span class=\"BZ_Pyq_fadeIn\">komunikacj\u0105? <\/span><span class=\"BZ_Pyq_fadeIn\">Lubisz <\/span><span class=\"BZ_Pyq_fadeIn\">tworzy\u0107 <\/span><span class=\"BZ_Pyq_fadeIn\">tre\u015bci, <\/span><span class=\"BZ_Pyq_fadeIn\">pracowa\u0107 <\/span><span class=\"BZ_Pyq_fadeIn\">z <\/span><span class=\"BZ_Pyq_fadeIn\">komputerem <\/span><span class=\"BZ_Pyq_fadeIn\">i <\/span><span class=\"BZ_Pyq_fadeIn\">\u015bledzi\u0107 <\/span><span class=\"BZ_Pyq_fadeIn\">nowe <\/span><span class=\"BZ_Pyq_fadeIn\">trendy <\/span><span class=\"BZ_Pyq_fadeIn\">w <\/span><span class=\"BZ_Pyq_fadeIn\">mediach <\/span><span class=\"BZ_Pyq_fadeIn\">spo\u0142eczno\u015bciowych? <\/span><span class=\"BZ_Pyq_fadeIn\">Ten <\/span><span class=\"BZ_Pyq_fadeIn\">profil <\/span><span class=\"BZ_Pyq_fadeIn\">pomo\u017ce <\/span><span class=\"BZ_Pyq_fadeIn\">Ci <\/span><span class=\"BZ_Pyq_fadeIn\">rozwin\u0105\u0107 <\/span><span class=\"BZ_Pyq_fadeIn\">kreatywno\u015b\u0107 <\/span><span class=\"BZ_Pyq_fadeIn\">oraz <\/span><span class=\"BZ_Pyq_fadeIn\">umiej\u0119tno\u015bci <\/span><span class=\"BZ_Pyq_fadeIn\">cyfrowe <\/span><span class=\"BZ_Pyq_fadeIn\">potrzebne <\/span><span class=\"BZ_Pyq_fadeIn\">w <\/span><span class=\"BZ_Pyq_fadeIn\">nowoczesnym <\/span><span class=\"BZ_Pyq_fadeIn\">\u015bwiecie.<\/span><\/p>\n<p data-start=\"300\" data-end=\"372\"><span class=\"BZ_Pyq_fadeIn\">Przedmioty <\/span><span class=\"BZ_Pyq_fadeIn\">rozszerzone: <\/span><strong data-start=\"300\" data-end=\"327\"><span class=\"BZ_Pyq_fadeIn\">j\u0119zyk <\/span><span class=\"BZ_Pyq_fadeIn\">polski, <\/span><span class=\"BZ_Pyq_fadeIn\">j\u0119zyk <\/span><span class=\"BZ_Pyq_fadeIn\">angielski, <\/span><span class=\"BZ_Pyq_fadeIn\">informatyka<\/span><\/strong><\/p>\n<p data-start=\"374\" data-end=\"837\"><strong data-start=\"374\" data-end=\"397\"><span class=\"BZ_Pyq_fadeIn\">Mo\u017cliwo\u015bci <\/span><span class=\"BZ_Pyq_fadeIn\">kariery:<br \/>\n<\/span><\/strong><span class=\"BZ_Pyq_fadeIn\">&#x2705; <\/span><span class=\"BZ_Pyq_fadeIn\">Specjalista <\/span><span class=\"BZ_Pyq_fadeIn\">ds. <\/span><span class=\"BZ_Pyq_fadeIn\">social <\/span><span class=\"BZ_Pyq_fadeIn\">media<\/span><br data-start=\"122\" data-end=\"125\" \/><span class=\"BZ_Pyq_fadeIn\">&#x2705; <\/span><span class=\"BZ_Pyq_fadeIn\">Dziennikarz <\/span><span class=\"BZ_Pyq_fadeIn\">internetowy, <\/span><span class=\"BZ_Pyq_fadeIn\">redaktor <\/span><span class=\"BZ_Pyq_fadeIn\">portali <\/span><span class=\"BZ_Pyq_fadeIn\">informacyjnych<\/span><br data-start=\"183\" data-end=\"186\" \/><span class=\"BZ_Pyq_fadeIn\">&#x2705; <\/span><span class=\"BZ_Pyq_fadeIn\">Grafik <\/span><span class=\"BZ_Pyq_fadeIn\">komputerowy, <\/span><span class=\"BZ_Pyq_fadeIn\">tw\u00f3rca <\/span><span class=\"BZ_Pyq_fadeIn\">tre\u015bci <\/span><span class=\"BZ_Pyq_fadeIn\">multimedialnych<\/span><br data-start=\"237\" data-end=\"240\" \/><span class=\"BZ_Pyq_fadeIn\">&#x2705; <\/span><span class=\"BZ_Pyq_fadeIn\">Specjalista <\/span><span class=\"BZ_Pyq_fadeIn\">ds. <\/span><span class=\"BZ_Pyq_fadeIn\">marketingu <\/span><span class=\"BZ_Pyq_fadeIn\">i <\/span><span class=\"BZ_Pyq_fadeIn\">reklamy <\/span><span class=\"BZ_Pyq_fadeIn\">internetowej<\/span><br data-start=\"291\" data-end=\"294\" \/><span class=\"BZ_Pyq_fadeIn\">&#x2705; <\/span><span class=\"BZ_Pyq_fadeIn\">T\u0142umacz <\/span><span class=\"BZ_Pyq_fadeIn\">j\u0119zyka <\/span><span class=\"BZ_Pyq_fadeIn\">angielskiego<\/span><span class=\"BZ_Pyq_fadeIn\"> \u2013 <\/span><span class=\"BZ_Pyq_fadeIn\">t\u0142umaczenie <\/span><span class=\"BZ_Pyq_fadeIn\">tekst\u00f3w <\/span><span class=\"BZ_Pyq_fadeIn\">i <\/span><span class=\"BZ_Pyq_fadeIn\">dokument\u00f3w <\/span><span class=\"BZ_Pyq_fadeIn\">oraz <\/span><span class=\"BZ_Pyq_fadeIn\">praca <\/span><span class=\"BZ_Pyq_fadeIn\">w <\/span><span class=\"BZ_Pyq_fadeIn\">firmach <\/span><span class=\"BZ_Pyq_fadeIn\">mi\u0119dzynarodowych<\/span><br data-start=\"400\" data-end=\"403\" \/><span class=\"BZ_Pyq_fadeIn\">&#x2705; <\/span><span class=\"BZ_Pyq_fadeIn\">Polonista<\/span><span class=\"BZ_Pyq_fadeIn\"> \u2013 <\/span><span class=\"BZ_Pyq_fadeIn\">praca <\/span><span class=\"BZ_Pyq_fadeIn\">z <\/span><span class=\"BZ_Pyq_fadeIn\">j\u0119zykiem, <\/span><span class=\"BZ_Pyq_fadeIn\">literatur\u0105 <\/span><span class=\"BZ_Pyq_fadeIn\">i <\/span><span class=\"BZ_Pyq_fadeIn\">kultur\u0105 <\/span><span class=\"BZ_Pyq_fadeIn\">w <\/span><span class=\"BZ_Pyq_fadeIn\">szko\u0142ach, <\/span><span class=\"BZ_Pyq_fadeIn\">mediach <\/span><span class=\"BZ_Pyq_fadeIn\">lub <\/span><span class=\"BZ_Pyq_fadeIn\">wydawnictwach<\/span><br data-start=\"497\" data-end=\"500\" \/><span class=\"BZ_Pyq_fadeIn\">&#x2705; <\/span><span class=\"BZ_Pyq_fadeIn\">Nauczyciel <\/span><span class=\"BZ_Pyq_fadeIn\">j\u0119zyka <\/span><span class=\"BZ_Pyq_fadeIn\">angielskiego<\/span><span class=\"BZ_Pyq_fadeIn\"> \u2013 <\/span><span class=\"BZ_Pyq_fadeIn\">nauczanie <\/span><span class=\"BZ_Pyq_fadeIn\">w <\/span><span class=\"BZ_Pyq_fadeIn\">szko\u0142ach, <\/span><span class=\"BZ_Pyq_fadeIn\">szko\u0142ach <\/span><span class=\"BZ_Pyq_fadeIn\">j\u0119zykowych <\/span><span class=\"BZ_Pyq_fadeIn\">lub <\/span><span class=\"BZ_Pyq_fadeIn\">prowadzenie <\/span><span class=\"BZ_Pyq_fadeIn\">korepetycji<\/span><br data-start=\"608\" data-end=\"611\" \/><span class=\"BZ_Pyq_fadeIn\">&#x2705; <\/span><span class=\"BZ_Pyq_fadeIn\">Redaktor <\/span><span class=\"BZ_Pyq_fadeIn\">lub <\/span><span class=\"BZ_Pyq_fadeIn\">korektor <\/span><span class=\"BZ_Pyq_fadeIn\">j\u0119zykowy<\/span><span class=\"BZ_Pyq_fadeIn\"> \u2013 <\/span><span class=\"BZ_Pyq_fadeIn\">tworzenie, <\/span><span class=\"BZ_Pyq_fadeIn\">redagowanie <\/span><span class=\"BZ_Pyq_fadeIn\">i <\/span><span class=\"BZ_Pyq_fadeIn\">poprawianie <\/span><span class=\"BZ_Pyq_fadeIn\">tekst\u00f3w <\/span><span class=\"BZ_Pyq_fadeIn\">w <\/span><span class=\"BZ_Pyq_fadeIn\">mediach, <\/span><span class=\"BZ_Pyq_fadeIn\">portalach <\/span><span class=\"BZ_Pyq_fadeIn\">i <\/span><span class=\"BZ_Pyq_fadeIn\">wydawnictwach<\/span><br data-start=\"731\" data-end=\"734\" \/><span class=\"BZ_Pyq_fadeIn\">&#x2705; <\/span><span class=\"BZ_Pyq_fadeIn\">Specjalista <\/span><span class=\"BZ_Pyq_fadeIn\">ds. <\/span><span class=\"BZ_Pyq_fadeIn\">komunikacji <\/span><span class=\"BZ_Pyq_fadeIn\">j\u0119zykowe<\/span><span class=\"BZ_Pyq_fadeIn\">j<\/span><span class=\"BZ_Pyq_fadeIn\"> \u2013 <\/span><span class=\"BZ_Pyq_fadeIn\">wykorzystanie <\/span><span class=\"BZ_Pyq_fadeIn\">znajomo\u015bci <\/span><span class=\"BZ_Pyq_fadeIn\">j\u0119zyk\u00f3w <\/span><span class=\"BZ_Pyq_fadeIn\">w <\/span><span class=\"BZ_Pyq_fadeIn\">pracy <\/span><span class=\"BZ_Pyq_fadeIn\">w <\/span><span class=\"BZ_Pyq_fadeIn\">mediach, <\/span><span class=\"BZ_Pyq_fadeIn\">marketingu <\/span><span class=\"BZ_Pyq_fadeIn\">i <\/span><span class=\"BZ_Pyq_fadeIn\">biznesie<\/span><\/p>\n<p data-start=\"374\" data-end=\"837\">\n<p data-start=\"0\" data-end=\"36\"><span class=\"BZ_Pyq_fadeIn\">2. &#x1f957; <\/span><strong data-start=\"3\" data-end=\"36\"><span class=\"BZ_Pyq_fadeIn\">DIETETYKA <\/span><span class=\"BZ_Pyq_fadeIn\">I <\/span><span class=\"BZ_Pyq_fadeIn\">ZDROWY <\/span><span class=\"BZ_Pyq_fadeIn\">STYL <\/span><span class=\"BZ_Pyq_fadeIn\">\u017bYCIA<\/span><\/strong><\/p>\n<p data-start=\"38\" data-end=\"435\"><span class=\"BZ_Pyq_fadeIn\">Interesujesz <\/span><span class=\"BZ_Pyq_fadeIn\">si\u0119 <\/span><span class=\"BZ_Pyq_fadeIn\">zdrowiem, <\/span><span class=\"BZ_Pyq_fadeIn\">od\u017cywianiem <\/span><span class=\"BZ_Pyq_fadeIn\">i <\/span><span class=\"BZ_Pyq_fadeIn\">aktywnym <\/span><span class=\"BZ_Pyq_fadeIn\">stylem <\/span><span class=\"BZ_Pyq_fadeIn\">\u017cycia? <\/span><span class=\"BZ_Pyq_fadeIn\">Chcesz <\/span><span class=\"BZ_Pyq_fadeIn\">dowiedzie\u0107 <\/span><span class=\"BZ_Pyq_fadeIn\">si\u0119, <\/span><span class=\"BZ_Pyq_fadeIn\">jak <\/span><span class=\"BZ_Pyq_fadeIn\">funkcjonuje <\/span><span class=\"BZ_Pyq_fadeIn\">organizm <\/span><span class=\"BZ_Pyq_fadeIn\">cz\u0142owieka <\/span><span class=\"BZ_Pyq_fadeIn\">i <\/span><span class=\"BZ_Pyq_fadeIn\">jaki <\/span><span class=\"BZ_Pyq_fadeIn\">wp\u0142yw <\/span><span class=\"BZ_Pyq_fadeIn\">na <\/span><span class=\"BZ_Pyq_fadeIn\">zdrowie <\/span><span class=\"BZ_Pyq_fadeIn\">ma <\/span><span class=\"BZ_Pyq_fadeIn\">odpowiednia <\/span><span class=\"BZ_Pyq_fadeIn\">dieta? <\/span><span class=\"BZ_Pyq_fadeIn\">Ten <\/span><span class=\"BZ_Pyq_fadeIn\">profil <\/span><span class=\"BZ_Pyq_fadeIn\">jest <\/span><span class=\"BZ_Pyq_fadeIn\">idealny <\/span><span class=\"BZ_Pyq_fadeIn\">dla <\/span><span class=\"BZ_Pyq_fadeIn\">os\u00f3b, <\/span><span class=\"BZ_Pyq_fadeIn\">kt\u00f3re <\/span><span class=\"BZ_Pyq_fadeIn\">chc\u0105 <\/span><span class=\"BZ_Pyq_fadeIn\">poszerza\u0107 <\/span><span class=\"BZ_Pyq_fadeIn\">wiedz\u0119 <\/span><span class=\"BZ_Pyq_fadeIn\">o <\/span><span class=\"BZ_Pyq_fadeIn\">biologii <\/span><span class=\"BZ_Pyq_fadeIn\">cz\u0142owieka, <\/span><span class=\"BZ_Pyq_fadeIn\">zdrowym <\/span><span class=\"BZ_Pyq_fadeIn\">\u017cywieniu <\/span><span class=\"BZ_Pyq_fadeIn\">oraz <\/span><span class=\"BZ_Pyq_fadeIn\">w <\/span><span class=\"BZ_Pyq_fadeIn\">przysz\u0142o\u015bci <\/span><span class=\"BZ_Pyq_fadeIn\">pomaga\u0107 <\/span><span class=\"BZ_Pyq_fadeIn\">innym <\/span><span class=\"BZ_Pyq_fadeIn\">dba\u0107 <\/span><span class=\"BZ_Pyq_fadeIn\">o <\/span><span class=\"BZ_Pyq_fadeIn\">zdrowie <\/span><span class=\"BZ_Pyq_fadeIn\">i <\/span><span class=\"BZ_Pyq_fadeIn\">dobre <\/span><span class=\"BZ_Pyq_fadeIn\">samopoczucie. <\/span><span class=\"BZ_Pyq_fadeIn\">To <\/span><span class=\"BZ_Pyq_fadeIn\">tak\u017ce <\/span><span class=\"BZ_Pyq_fadeIn\">dobry <\/span><span class=\"BZ_Pyq_fadeIn\">wyb\u00f3r <\/span><span class=\"BZ_Pyq_fadeIn\">dla <\/span><span class=\"BZ_Pyq_fadeIn\">os\u00f3b <\/span><span class=\"BZ_Pyq_fadeIn\">planuj\u0105cych <\/span><span class=\"BZ_Pyq_fadeIn\">studia <\/span><span class=\"BZ_Pyq_fadeIn\">medyczne.<\/span><\/p>\n<p data-start=\"437\" data-end=\"500\"><span class=\"BZ_Pyq_fadeIn\">Przedmioty <\/span><span class=\"BZ_Pyq_fadeIn\">rozszerzone:<\/span><strong data-start=\"437\" data-end=\"464\"> <span class=\"BZ_Pyq_fadeIn\">j\u0119zyk <\/span><span class=\"BZ_Pyq_fadeIn\">angielski, <\/span><span class=\"BZ_Pyq_fadeIn\">biologia, <\/span><span class=\"BZ_Pyq_fadeIn\">chemia<\/span><\/strong><\/p>\n<p data-start=\"502\" data-end=\"981\" data-is-last-node=\"\" data-is-only-node=\"\"><strong data-start=\"502\" data-end=\"525\"><span class=\"BZ_Pyq_fadeIn\">Mo\u017cliwo\u015bci <\/span><span class=\"BZ_Pyq_fadeIn\">kariery:<\/span><\/strong><br data-start=\"525\" data-end=\"528\" \/><span class=\"BZ_Pyq_fadeIn\">&#x2705; <\/span><span class=\"BZ_Pyq_fadeIn\">Dietetyk <\/span><br data-start=\"561\" data-end=\"564\" \/><span class=\"BZ_Pyq_fadeIn\">&#x2705; <\/span><span class=\"BZ_Pyq_fadeIn\">Specjalista <\/span><span class=\"BZ_Pyq_fadeIn\">ds. <\/span><span class=\"BZ_Pyq_fadeIn\">\u017cywienia <\/span><span class=\"BZ_Pyq_fadeIn\">i <\/span><span class=\"BZ_Pyq_fadeIn\">zdrowego <\/span><span class=\"BZ_Pyq_fadeIn\">stylu <\/span><span class=\"BZ_Pyq_fadeIn\">\u017cycia<\/span><br data-start=\"613\" data-end=\"616\" \/><span class=\"BZ_Pyq_fadeIn\">&#x2705; <\/span><span class=\"BZ_Pyq_fadeIn\">Lekarz \u2013 <\/span><span class=\"BZ_Pyq_fadeIn\">studia <\/span><span class=\"BZ_Pyq_fadeIn\">medyczne <\/span><span class=\"BZ_Pyq_fadeIn\">i <\/span><span class=\"BZ_Pyq_fadeIn\">praca <\/span><span class=\"BZ_Pyq_fadeIn\">w <\/span><span class=\"BZ_Pyq_fadeIn\">ochronie <\/span><span class=\"BZ_Pyq_fadeIn\">zdrowia<\/span><br data-start=\"669\" data-end=\"672\" \/><span class=\"BZ_Pyq_fadeIn\">&#x2705; <\/span><span class=\"BZ_Pyq_fadeIn\">Piel\u0119gniarka <\/span><span class=\"BZ_Pyq_fadeIn\">lub <\/span><span class=\"BZ_Pyq_fadeIn\">piel\u0119gniarz \u2013 <\/span><span class=\"BZ_Pyq_fadeIn\">opieka <\/span><span class=\"BZ_Pyq_fadeIn\">nad <\/span><span class=\"BZ_Pyq_fadeIn\">pacjentami <\/span><span class=\"BZ_Pyq_fadeIn\">i <\/span><span class=\"BZ_Pyq_fadeIn\">praca <\/span><span class=\"BZ_Pyq_fadeIn\">w <\/span><span class=\"BZ_Pyq_fadeIn\">plac\u00f3wkach <\/span><span class=\"BZ_Pyq_fadeIn\">medycznych<\/span><br data-start=\"758\" data-end=\"761\" \/><span class=\"BZ_Pyq_fadeIn\">&#x2705; <\/span><span class=\"BZ_Pyq_fadeIn\">Trener <\/span><span class=\"BZ_Pyq_fadeIn\">personalny <\/span><span class=\"BZ_Pyq_fadeIn\">lub <\/span><span class=\"BZ_Pyq_fadeIn\">trener <\/span><span class=\"BZ_Pyq_fadeIn\">fitness<\/span><br data-start=\"799\" data-end=\"802\" \/><span class=\"BZ_Pyq_fadeIn\">&#x2705; <\/span><span class=\"BZ_Pyq_fadeIn\">Technolog <\/span><span class=\"BZ_Pyq_fadeIn\">\u017cywno\u015bci<\/span><br data-start=\"822\" data-end=\"825\" \/><span class=\"BZ_Pyq_fadeIn\">&#x2705; <\/span><span class=\"BZ_Pyq_fadeIn\">Specjalista <\/span><span class=\"BZ_Pyq_fadeIn\">ds. <\/span><span class=\"BZ_Pyq_fadeIn\">jako\u015bci <\/span><span class=\"BZ_Pyq_fadeIn\">\u017cywno\u015bci<\/span><br data-start=\"859\" data-end=\"862\" \/><span class=\"BZ_Pyq_fadeIn\">&#x2705; <\/span><span class=\"BZ_Pyq_fadeIn\">Edukator <\/span><span class=\"BZ_Pyq_fadeIn\">zdrowotny<\/span><br data-start=\"882\" data-end=\"885\" \/><span class=\"BZ_Pyq_fadeIn\">&#x2705; <\/span><span class=\"BZ_Pyq_fadeIn\">Pracownik <\/span><span class=\"BZ_Pyq_fadeIn\">bran\u017cy <\/span><span class=\"BZ_Pyq_fadeIn\">wellness <\/span><span class=\"BZ_Pyq_fadeIn\">i <\/span><span class=\"BZ_Pyq_fadeIn\">fitness<\/span><br data-start=\"922\" data-end=\"925\" \/><span class=\"BZ_Pyq_fadeIn\">&#x2705; <\/span><span class=\"BZ_Pyq_fadeIn\">Pracownik <\/span><span class=\"BZ_Pyq_fadeIn\">laboratori\u00f3w <\/span><span class=\"BZ_Pyq_fadeIn\">biologicznych <\/span><span class=\"BZ_Pyq_fadeIn\">lub <\/span><span class=\"BZ_Pyq_fadeIn\">\u017cywno\u015bciowych<\/span><\/p>\n<p data-start=\"502\" data-end=\"981\" data-is-last-node=\"\" data-is-only-node=\"\">\n<p data-start=\"1615\" data-end=\"1910\"><strong data-start=\"1615\" data-end=\"1646\"><span class=\"BZ_Pyq_fadeIn\">3. &#x1f693; <\/span><span class=\"BZ_Pyq_fadeIn\">BEZPIECZE\u0143STWO <\/span><span class=\"BZ_Pyq_fadeIn\">PUBLICZNE<\/span><\/strong><br data-start=\"1646\" data-end=\"1649\" \/><span class=\"BZ_Pyq_fadeIn\">Interesujesz <\/span><span class=\"BZ_Pyq_fadeIn\">si\u0119 <\/span><span class=\"BZ_Pyq_fadeIn\">bezpiecze\u0144stwem, <\/span><span class=\"BZ_Pyq_fadeIn\">funkcjonowaniem <\/span><span class=\"BZ_Pyq_fadeIn\">pa\u0144stwa <\/span><span class=\"BZ_Pyq_fadeIn\">oraz <\/span><span class=\"BZ_Pyq_fadeIn\">s\u0142u\u017cbami <\/span><span class=\"BZ_Pyq_fadeIn\">odpowiedzialnymi <\/span><span class=\"BZ_Pyq_fadeIn\">za <\/span><span class=\"BZ_Pyq_fadeIn\">porz\u0105dek <\/span><span class=\"BZ_Pyq_fadeIn\">publiczny? <\/span><span class=\"BZ_Pyq_fadeIn\">Chcesz <\/span><span class=\"BZ_Pyq_fadeIn\">w <\/span><span class=\"BZ_Pyq_fadeIn\">przysz\u0142o\u015bci <\/span><span class=\"BZ_Pyq_fadeIn\">pracowa\u0107 <\/span><span class=\"BZ_Pyq_fadeIn\">w <\/span><span class=\"BZ_Pyq_fadeIn\">s\u0142u\u017cbach <\/span><span class=\"BZ_Pyq_fadeIn\">mundurowych <\/span><span class=\"BZ_Pyq_fadeIn\">lub <\/span><span class=\"BZ_Pyq_fadeIn\">instytucjach <\/span><span class=\"BZ_Pyq_fadeIn\">zajmuj\u0105cych <\/span><span class=\"BZ_Pyq_fadeIn\">si\u0119 <\/span><span class=\"BZ_Pyq_fadeIn\">ochron\u0105 <\/span><span class=\"BZ_Pyq_fadeIn\">obywateli? <\/span><span class=\"BZ_Pyq_fadeIn\">Ten <\/span><span class=\"BZ_Pyq_fadeIn\">profil <\/span><span class=\"BZ_Pyq_fadeIn\">przygotuje <\/span><span class=\"BZ_Pyq_fadeIn\">Ci\u0119 <\/span><span class=\"BZ_Pyq_fadeIn\">do <\/span><span class=\"BZ_Pyq_fadeIn\">takiej <\/span><span class=\"BZ_Pyq_fadeIn\">\u015bcie\u017cki.<\/span><\/p>\n<p data-start=\"1912\" data-end=\"1966\"><span class=\"BZ_Pyq_fadeIn\">Przedmioty <\/span><span class=\"BZ_Pyq_fadeIn\">rozszerzone:<\/span> <strong><span class=\"BZ_Pyq_fadeIn\">WOS, <\/span><span class=\"BZ_Pyq_fadeIn\">geografia, <\/span><span class=\"BZ_Pyq_fadeIn\">biologia<\/span><\/strong><\/p>\n<p data-start=\"1968\" data-end=\"2316\"><strong data-start=\"1968\" data-end=\"1991\"><span class=\"BZ_Pyq_fadeIn\">Mo\u017cliwo\u015bci <\/span><span class=\"BZ_Pyq_fadeIn\">kariery:<\/span><\/strong><br data-start=\"1991\" data-end=\"1994\" \/><span class=\"BZ_Pyq_fadeIn\">&#x2705; <\/span><span class=\"BZ_Pyq_fadeIn\">Policjant<\/span><br data-start=\"2005\" data-end=\"2008\" \/><span class=\"BZ_Pyq_fadeIn\">&#x2705; <\/span><span class=\"BZ_Pyq_fadeIn\">Stra\u017cak<\/span><br data-start=\"2017\" data-end=\"2020\" \/><span class=\"BZ_Pyq_fadeIn\">&#x2705; <\/span><span class=\"BZ_Pyq_fadeIn\">Funkcjonariusz <\/span><span class=\"BZ_Pyq_fadeIn\">Stra\u017cy <\/span><span class=\"BZ_Pyq_fadeIn\">Granicznej<\/span><br data-start=\"2054\" data-end=\"2057\" \/><span class=\"BZ_Pyq_fadeIn\">&#x2705; <\/span><span class=\"BZ_Pyq_fadeIn\">\u017bo\u0142nierz <\/span><span class=\"BZ_Pyq_fadeIn\">zawodowy<\/span><br data-start=\"2076\" data-end=\"2079\" \/><span class=\"BZ_Pyq_fadeIn\">&#x2705; <\/span><span class=\"BZ_Pyq_fadeIn\">Ratownik <\/span><span class=\"BZ_Pyq_fadeIn\">medyczny<\/span><br data-start=\"2098\" data-end=\"2101\" \/><span class=\"BZ_Pyq_fadeIn\">&#x2705; <\/span><span class=\"BZ_Pyq_fadeIn\">Pracownik <\/span><span class=\"BZ_Pyq_fadeIn\">administracji <\/span><span class=\"BZ_Pyq_fadeIn\">publicznej<\/span><br data-start=\"2137\" data-end=\"2140\" \/><span class=\"BZ_Pyq_fadeIn\">&#x2705; <\/span><span class=\"BZ_Pyq_fadeIn\">Specjalista <\/span><span class=\"BZ_Pyq_fadeIn\">ds. <\/span><span class=\"BZ_Pyq_fadeIn\">zarz\u0105dzania <\/span><span class=\"BZ_Pyq_fadeIn\">kryzysowego<\/span><br data-start=\"2181\" data-end=\"2184\" \/><span class=\"BZ_Pyq_fadeIn\">&#x2705; <\/span><span class=\"BZ_Pyq_fadeIn\">Pracownik <\/span><span class=\"BZ_Pyq_fadeIn\">s\u0142u\u017cb <\/span><span class=\"BZ_Pyq_fadeIn\">ochrony <\/span><span class=\"BZ_Pyq_fadeIn\">i <\/span><span class=\"BZ_Pyq_fadeIn\">bezpiecze\u0144stwa<\/span><br data-start=\"2226\" data-end=\"2229\" \/><span class=\"BZ_Pyq_fadeIn\">&#x2705; <\/span><span class=\"BZ_Pyq_fadeIn\">Analityk <\/span><span class=\"BZ_Pyq_fadeIn\">bezpiecze\u0144stwa <\/span><span class=\"BZ_Pyq_fadeIn\">pa\u0144stwa<\/span><br data-start=\"2262\" data-end=\"2265\" \/><span class=\"BZ_Pyq_fadeIn\">&#x2705; <\/span><span class=\"BZ_Pyq_fadeIn\">Pracownik <\/span><span class=\"BZ_Pyq_fadeIn\">s\u0142u\u017cb <\/span><span class=\"BZ_Pyq_fadeIn\">ratowniczych <\/span><span class=\"BZ_Pyq_fadeIn\">i <\/span><span class=\"BZ_Pyq_fadeIn\">ochrony <\/span><span class=\"BZ_Pyq_fadeIn\">ludno\u015bci<\/span><\/p>\n<p align=\"justify\"><strong>J\u0119zyki obce do wyboru:<\/strong><\/p>\n<ul>\n<li>j\u0119zyk angielski<\/li>\n<li>j\u0119zyk niemiecki<\/li>\n<\/ul>\n<p style=\"text-align: center;\"><span style=\"color: #0000ff;\"><span style=\"font-family: Times New Roman, serif;\"><span style=\"font-size: x-large;\"><b>ZAPRASZAMY<\/b><\/span><\/span><\/span><\/p>\n","protected":false},"excerpt":{"rendered":"<p>Profile\u00a0 kszta\u0142cenia Liceum Og\u00f3lnokszta\u0142c\u0105ce im. Bartosza G\u0142owackiego w roku szkolnym 2026\/2027 Oferujemy trzy profile kierunkowe: 1. &#x1f4f1; MEDIA CYFROWE I KOMUNIKACJAInteresujesz si\u0119 mediami, internetem, technologi\u0105 i komunikacj\u0105? Lubisz tworzy\u0107 tre\u015bci, pracowa\u0107 z komputerem i \u015bledzi\u0107 nowe trendy w mediach spo\u0142eczno\u015bciowych?&hellip; <\/p>\n","protected":false},"author":1,"featured_media":0,"parent":0,"menu_order":7,"comment_status":"closed","ping_status":"closed","template":"","meta":{"footnotes":""},"class_list":["post-997","page","type-page","status-publish","hentry"],"_links":{"self":[{"href":"http:\/\/liceumjodlowa.pl\/index.php?rest_route=\/wp\/v2\/pages\/997","targetHints":{"allow":["GET"]}}],"collection":[{"href":"http:\/\/liceumjodlowa.pl\/index.php?rest_route=\/wp\/v2\/pages"}],"about":[{"href":"http:\/\/liceumjodlowa.pl\/index.php?rest_route=\/wp\/v2\/types\/page"}],"author":[{"embeddable":true,"href":"http:\/\/liceumjodlowa.pl\/index.php?rest_route=\/wp\/v2\/users\/1"}],"replies":[{"embeddable":true,"href":"http:\/\/liceumjodlowa.pl\/index.php?rest_route=%2Fwp%2Fv2%2Fcomments&post=997"}],"version-history":[{"count":32,"href":"http:\/\/liceumjodlowa.pl\/index.php?rest_route=\/wp\/v2\/pages\/997\/revisions"}],"predecessor-version":[{"id":9563,"href":"http:\/\/liceumjodlowa.pl\/index.php?rest_route=\/wp\/v2\/pages\/997\/revisions\/9563"}],"wp:attachment":[{"href":"http:\/\/liceumjodlowa.pl\/index.php?rest_route=%2Fwp%2Fv2%2Fmedia&parent=997"}],"curies":[{"name":"wp","href":"https:\/\/api.w.org\/{rel}","templated":true}]}}