{"id":674,"date":"2017-01-24T08:36:06","date_gmt":"2017-01-24T08:36:06","guid":{"rendered":"http:\/\/liceumjodlowa.pl\/?page_id=674"},"modified":"2025-10-17T07:46:10","modified_gmt":"2025-10-17T07:46:10","slug":"dyrekcja","status":"publish","type":"page","link":"http:\/\/liceumjodlowa.pl\/?page_id=674","title":{"rendered":"DYREKCJA"},"content":{"rendered":"<p><img loading=\"lazy\" decoding=\"async\" class=\"aligncenter size-large wp-image-582\" src=\"http:\/\/liceumjodlowa.pl\/wp-content\/uploads\/2016\/10\/DSC_8254-Kopiowanie-1024x681.jpg\" alt=\"dsc_8254-kopiowanie\" width=\"700\" height=\"466\" srcset=\"http:\/\/liceumjodlowa.pl\/wp-content\/uploads\/2016\/10\/DSC_8254-Kopiowanie-1024x681.jpg 1024w, http:\/\/liceumjodlowa.pl\/wp-content\/uploads\/2016\/10\/DSC_8254-Kopiowanie-300x200.jpg 300w, http:\/\/liceumjodlowa.pl\/wp-content\/uploads\/2016\/10\/DSC_8254-Kopiowanie-768x511.jpg 768w, http:\/\/liceumjodlowa.pl\/wp-content\/uploads\/2016\/10\/DSC_8254-Kopiowanie.jpg 1200w\" sizes=\"auto, (max-width: 700px) 100vw, 700px\" \/><\/p>\n<p style=\"text-align: justify;\"><strong><b>mgr Teresa Alicja Po\u0142oska &#8211; pedagog<br \/><\/b><\/strong><\/p>\n<p style=\"text-align: justify;\"><strong>\u00a0\u00a0\u00a0\u00a0\u00a0\u00a0\u00a0\u00a0\u00a0 <\/strong>Posiada d\u0142ugoletnie do\u015bwiadczenie w zarz\u0105dzaniu o\u015bwiat\u0105, a tak\u017ce pracy samorz\u0105dowej. Dw\u00f3jka doros\u0142ych dzieci: syn \u2013 dziennikarz, absolwent prawa, c\u00f3rka \u2013 mgr in\u017c. in\u017cynierii \u015brodowiska. Ma trzy ukochane wnuczki.<\/p>\n<p><strong><u>Wykszta\u0142cenie:<\/u><\/strong><\/p>\n<ul>\n<li>Uniwersytet Jagiello\u0144ski w Krakowie \u2013 Wydzia\u0142 Filozoficzno-Historyczny, mgr pedagogiki<\/li>\n<li>Akademia Pedagogiczna w Krakowie \u2013 Wydzia\u0142 Pedagogiczny<\/li>\n<li>Liczne kursy dokszta\u0142caj\u0105ce, w tym zdobywania funduszy z Unii Europejskiej, negocjacji w biznesie, budowania strategii<\/li>\n<\/ul>\n<p><strong><u>Praca zawodowa:<\/u><\/strong><\/p>\n<ul>\n<li>Politechnika \u015awi\u0119tokrzyska w Kielcach \u2013 starszy asystent naukowo-dydaktyczny w Instytucie Nauk Spo\u0142ecznych \u2013 (Lata: 1980 \u2013 1984)<\/li>\n<li>Dyrektor Szko\u0142y Podstawowej w Woli Lubeckiej \u2013 (Lata: 1997 \u2013 2001)<\/li>\n<li>Dyrektor Zespo\u0142u Szk\u00f3\u0142 Ponadgimnazjalnych im. prof. Czes\u0142awa Majorka w Ryglicach \u2013 (Lata: 2001 \u2013 2010).<\/li>\n<li>Burmistrz Ryglic od 2010-2014 roku.<\/li>\n<li>Dyrektor Zespo\u0142u Szk\u00f3\u0142 w Jod\u0142owej (Lata: 2014 \u2013 2016)<\/li>\n<li>Dyrektor Liceum Og\u00f3lnokszta\u0142c\u0105cego, Zasadniczej Rzemie\u015blniczej Szko\u0142y Zawodowej oraz Policealnej Szko\u0142y dla Doros\u0142ych w Jod\u0142owej (od 1 wrze\u015bnia 2016 do chwili obecnej)<\/li>\n<\/ul>\n<p><strong><u>Stopie\u0144 awannsu zawodowego:<\/u><\/strong><\/p>\n<p style=\"text-align: justify;\">2001 \u2013 nauczyciel dyplomowany \u2013 akt nadania stopnia nauczyciela dyplomowanego Nr KO.IV.OK.II \u2013 113b\/D\/R00\/5\/01, Krak\u00f3w dnia 28.02.2001r.<\/p>\n<p><strong><u>Osi\u0105gni\u0119cia:<\/u><\/strong><\/p>\n<ul>\n<li>Z\u0142oty Krzy\u017c Zas\u0142ugi,<\/li>\n<li>Srebrny Krzy\u017c Zas\u0142ugi,<\/li>\n<li>Medal Komisji Edukacji Narodowej,<\/li>\n<li>Br\u0105zowy medal \u201eZa zas\u0142ugi dla obronno\u015bci kraju\u201d,<\/li>\n<li>Br\u0105zowy medal \u201eZa Zas\u0142ugi dla Policji\u201d,<\/li>\n<li>Medal \u201eMecenas Futbolu Ma\u0142opolski\u201d,<\/li>\n<li>Medal \u201ePasjonat Sportowej Polski\u201d,<\/li>\n<li>Nagrody Ministra Edukacji Narodowej za wybitne osi\u0105gni\u0119cia dydaktyczne i wychowawcze,<\/li>\n<li>Nagrody Ma\u0142opolskiego Kuratora O\u015bwiaty,<\/li>\n<li>Nagrody Starosty Powiatu Tarnowskiego,<\/li>\n<li>Nagroda W\u00f3jta Gminy Ryglice<\/li>\n<li>Mened\u017cer \u2013 Edukator Roku<\/li>\n<\/ul>\n<p><strong><u>Publikacje:<\/u><\/strong><\/p>\n<p style=\"text-align: justify;\">2001 Nowa Szko\u0142a W Ryglicach \u201eW pa\u015bmie Brzanki\u201d, 2000 Raport \u201eRodzice w szkole\u201d WOM Tarn\u00f3w, 1999 \u201eStandard to te\u017c zmiana\u201d- WOM Tarnowski Biuletyn O\u015bwiatowy<\/p>\n<p style=\"text-align: justify;\"><strong><u>Odznaczenia:<\/u><\/strong><\/p>\n\n\t\t<style type=\"text\/css\">\n\t\t\t#gallery-1 {\n\t\t\t\tmargin: auto;\n\t\t\t}\n\t\t\t#gallery-1 .gallery-item {\n\t\t\t\tfloat: left;\n\t\t\t\tmargin-top: 10px;\n\t\t\t\ttext-align: center;\n\t\t\t\twidth: 33%;\n\t\t\t}\n\t\t\t#gallery-1 img {\n\t\t\t\tborder: 2px solid #cfcfcf;\n\t\t\t}\n\t\t\t#gallery-1 .gallery-caption {\n\t\t\t\tmargin-left: 0;\n\t\t\t}\n\t\t\t\/* see gallery_shortcode() in wp-includes\/media.php *\/\n\t\t<\/style>\n\t\t<div id='gallery-1' class='gallery galleryid-674 gallery-columns-3 gallery-size-medium'><dl class='gallery-item'>\n\t\t\t<dt class='gallery-icon landscape'>\n\t\t\t\t<a href='http:\/\/liceumjodlowa.pl\/wp-content\/uploads\/2016\/10\/DSC_8613-Kopiowanie.jpg' title=\"\" data-rl_title=\"\" class=\"rl-gallery-link\" data-rl_caption=\"\" data-rel=\"lightbox-gallery-1\"><img loading=\"lazy\" decoding=\"async\" width=\"300\" height=\"200\" src=\"http:\/\/liceumjodlowa.pl\/wp-content\/uploads\/2016\/10\/DSC_8613-Kopiowanie-300x200.jpg\" class=\"attachment-medium size-medium\" alt=\"\" srcset=\"http:\/\/liceumjodlowa.pl\/wp-content\/uploads\/2016\/10\/DSC_8613-Kopiowanie-300x200.jpg 300w, http:\/\/liceumjodlowa.pl\/wp-content\/uploads\/2016\/10\/DSC_8613-Kopiowanie-768x511.jpg 768w, http:\/\/liceumjodlowa.pl\/wp-content\/uploads\/2016\/10\/DSC_8613-Kopiowanie.jpg 1000w\" sizes=\"auto, (max-width: 300px) 100vw, 300px\" \/><\/a>\n\t\t\t<\/dt><\/dl><dl class='gallery-item'>\n\t\t\t<dt class='gallery-icon landscape'>\n\t\t\t\t<a href='http:\/\/liceumjodlowa.pl\/wp-content\/uploads\/2016\/10\/DSC_8622-Kopiowanie.jpg' title=\"\" data-rl_title=\"\" class=\"rl-gallery-link\" data-rl_caption=\"\" data-rel=\"lightbox-gallery-1\"><img loading=\"lazy\" decoding=\"async\" width=\"300\" height=\"200\" src=\"http:\/\/liceumjodlowa.pl\/wp-content\/uploads\/2016\/10\/DSC_8622-Kopiowanie-300x200.jpg\" class=\"attachment-medium size-medium\" alt=\"\" srcset=\"http:\/\/liceumjodlowa.pl\/wp-content\/uploads\/2016\/10\/DSC_8622-Kopiowanie-300x200.jpg 300w, http:\/\/liceumjodlowa.pl\/wp-content\/uploads\/2016\/10\/DSC_8622-Kopiowanie-768x511.jpg 768w, http:\/\/liceumjodlowa.pl\/wp-content\/uploads\/2016\/10\/DSC_8622-Kopiowanie.jpg 1000w\" sizes=\"auto, (max-width: 300px) 100vw, 300px\" \/><\/a>\n\t\t\t<\/dt><\/dl><dl class='gallery-item'>\n\t\t\t<dt class='gallery-icon landscape'>\n\t\t\t\t<a href='http:\/\/liceumjodlowa.pl\/wp-content\/uploads\/2016\/10\/DSC_8611-Kopiowanie.jpg' title=\"\" data-rl_title=\"\" class=\"rl-gallery-link\" data-rl_caption=\"\" data-rel=\"lightbox-gallery-1\"><img loading=\"lazy\" decoding=\"async\" width=\"300\" height=\"200\" src=\"http:\/\/liceumjodlowa.pl\/wp-content\/uploads\/2016\/10\/DSC_8611-Kopiowanie-300x200.jpg\" class=\"attachment-medium size-medium\" alt=\"\" srcset=\"http:\/\/liceumjodlowa.pl\/wp-content\/uploads\/2016\/10\/DSC_8611-Kopiowanie-300x200.jpg 300w, http:\/\/liceumjodlowa.pl\/wp-content\/uploads\/2016\/10\/DSC_8611-Kopiowanie-768x511.jpg 768w, http:\/\/liceumjodlowa.pl\/wp-content\/uploads\/2016\/10\/DSC_8611-Kopiowanie.jpg 1000w\" sizes=\"auto, (max-width: 300px) 100vw, 300px\" \/><\/a>\n\t\t\t<\/dt><\/dl><br style=\"clear: both\" \/><dl class='gallery-item'>\n\t\t\t<dt class='gallery-icon landscape'>\n\t\t\t\t<a href='http:\/\/liceumjodlowa.pl\/wp-content\/uploads\/2016\/10\/DSC_8618-Kopiowanie.jpg' title=\"\" data-rl_title=\"\" class=\"rl-gallery-link\" data-rl_caption=\"\" data-rel=\"lightbox-gallery-1\"><img loading=\"lazy\" decoding=\"async\" width=\"300\" height=\"200\" src=\"http:\/\/liceumjodlowa.pl\/wp-content\/uploads\/2016\/10\/DSC_8618-Kopiowanie-300x200.jpg\" class=\"attachment-medium size-medium\" alt=\"\" srcset=\"http:\/\/liceumjodlowa.pl\/wp-content\/uploads\/2016\/10\/DSC_8618-Kopiowanie-300x200.jpg 300w, http:\/\/liceumjodlowa.pl\/wp-content\/uploads\/2016\/10\/DSC_8618-Kopiowanie-768x511.jpg 768w, http:\/\/liceumjodlowa.pl\/wp-content\/uploads\/2016\/10\/DSC_8618-Kopiowanie.jpg 1000w\" sizes=\"auto, (max-width: 300px) 100vw, 300px\" \/><\/a>\n\t\t\t<\/dt><\/dl><dl class='gallery-item'>\n\t\t\t<dt class='gallery-icon landscape'>\n\t\t\t\t<a href='http:\/\/liceumjodlowa.pl\/wp-content\/uploads\/2016\/10\/DSC_8623-Kopiowanie.jpg' title=\"\" data-rl_title=\"\" class=\"rl-gallery-link\" data-rl_caption=\"\" data-rel=\"lightbox-gallery-1\"><img loading=\"lazy\" decoding=\"async\" width=\"300\" height=\"200\" src=\"http:\/\/liceumjodlowa.pl\/wp-content\/uploads\/2016\/10\/DSC_8623-Kopiowanie-300x200.jpg\" class=\"attachment-medium size-medium\" alt=\"\" srcset=\"http:\/\/liceumjodlowa.pl\/wp-content\/uploads\/2016\/10\/DSC_8623-Kopiowanie-300x200.jpg 300w, http:\/\/liceumjodlowa.pl\/wp-content\/uploads\/2016\/10\/DSC_8623-Kopiowanie-768x511.jpg 768w, http:\/\/liceumjodlowa.pl\/wp-content\/uploads\/2016\/10\/DSC_8623-Kopiowanie.jpg 1000w\" sizes=\"auto, (max-width: 300px) 100vw, 300px\" \/><\/a>\n\t\t\t<\/dt><\/dl>\n\t\t\t<br style='clear: both' \/>\n\t\t<\/div>\n\n\n\n<p><\/p>\n\n\n\n<p><\/p>\n\n\n\n<figure class=\"wp-block-image size-full\"><img loading=\"lazy\" decoding=\"async\" width=\"720\" height=\"960\" src=\"http:\/\/liceumjodlowa.pl\/wp-content\/uploads\/2025\/10\/Bez-nazwy_720x960-1-2.jpg\" alt=\"\" class=\"wp-image-8936\" srcset=\"http:\/\/liceumjodlowa.pl\/wp-content\/uploads\/2025\/10\/Bez-nazwy_720x960-1-2.jpg 720w, http:\/\/liceumjodlowa.pl\/wp-content\/uploads\/2025\/10\/Bez-nazwy_720x960-1-2-225x300.jpg 225w\" sizes=\"auto, (max-width: 720px) 100vw, 720px\" \/><\/figure>\n","protected":false},"excerpt":{"rendered":"<p>mgr Teresa Alicja Po\u0142oska &#8211; pedagog \u00a0\u00a0\u00a0\u00a0\u00a0\u00a0\u00a0\u00a0\u00a0 Posiada d\u0142ugoletnie do\u015bwiadczenie w zarz\u0105dzaniu o\u015bwiat\u0105, a tak\u017ce pracy samorz\u0105dowej. Dw\u00f3jka doros\u0142ych dzieci: syn \u2013 dziennikarz, absolwent prawa, c\u00f3rka \u2013 mgr in\u017c. in\u017cynierii \u015brodowiska. Ma trzy ukochane wnuczki. Wykszta\u0142cenie: Uniwersytet Jagiello\u0144ski w Krakowie&hellip; <\/p>\n","protected":false},"author":1,"featured_media":0,"parent":206,"menu_order":0,"comment_status":"closed","ping_status":"closed","template":"","meta":{"footnotes":""},"class_list":["post-674","page","type-page","status-publish","hentry"],"_links":{"self":[{"href":"http:\/\/liceumjodlowa.pl\/index.php?rest_route=\/wp\/v2\/pages\/674","targetHints":{"allow":["GET"]}}],"collection":[{"href":"http:\/\/liceumjodlowa.pl\/index.php?rest_route=\/wp\/v2\/pages"}],"about":[{"href":"http:\/\/liceumjodlowa.pl\/index.php?rest_route=\/wp\/v2\/types\/page"}],"author":[{"embeddable":true,"href":"http:\/\/liceumjodlowa.pl\/index.php?rest_route=\/wp\/v2\/users\/1"}],"replies":[{"embeddable":true,"href":"http:\/\/liceumjodlowa.pl\/index.php?rest_route=%2Fwp%2Fv2%2Fcomments&post=674"}],"version-history":[{"count":5,"href":"http:\/\/liceumjodlowa.pl\/index.php?rest_route=\/wp\/v2\/pages\/674\/revisions"}],"predecessor-version":[{"id":8940,"href":"http:\/\/liceumjodlowa.pl\/index.php?rest_route=\/wp\/v2\/pages\/674\/revisions\/8940"}],"up":[{"embeddable":true,"href":"http:\/\/liceumjodlowa.pl\/index.php?rest_route=\/wp\/v2\/pages\/206"}],"wp:attachment":[{"href":"http:\/\/liceumjodlowa.pl\/index.php?rest_route=%2Fwp%2Fv2%2Fmedia&parent=674"}],"curies":[{"name":"wp","href":"https:\/\/api.w.org\/{rel}","templated":true}]}}