{"id":5576,"date":"2022-10-07T10:29:38","date_gmt":"2022-10-07T10:29:38","guid":{"rendered":"http:\/\/liceumjodlowa.pl\/?page_id=5576"},"modified":"2023-02-09T11:09:58","modified_gmt":"2023-02-09T11:09:58","slug":"gazetka-szkolna","status":"publish","type":"page","link":"http:\/\/liceumjodlowa.pl\/?page_id=5576","title":{"rendered":"WIADOMO\u015aCI SZKOLNE"},"content":{"rendered":"\n<p><\/p>\n\n\n<p>STYCZE\u0143 &#8211; LUTY 2023<\/p>\n\n\n<div data-wp-interactive=\"core\/file\" class=\"wp-block-file\"><object data-wp-bind--hidden=\"!state.hasPdfPreview\" hidden class=\"wp-block-file__embed\" data=\"http:\/\/liceumjodlowa.pl\/wp-content\/uploads\/2023\/02\/STYCZEN-LUTY-2023.pdf\" type=\"application\/pdf\" style=\"width:100%;height:600px\" aria-label=\"Osadzone z Osadzone z GAZETKA SZKOLNA 01-02..\"><\/object><a href=\"http:\/\/liceumjodlowa.pl\/wp-content\/uploads\/2023\/02\/STYCZEN-LUTY-2023.pdf\">GAZETKA SZKOLNA 01-02<\/a><a href=\"http:\/\/liceumjodlowa.pl\/wp-content\/uploads\/2023\/02\/STYCZEN-LUTY-2023.pdf\" class=\"wp-block-file__button\" download>Pobierz<\/a><\/div>\n\n\n\n<p>LISTOPAD &#8211; GRUDZIE\u0143 2022<\/p>\n\n\n\n<div data-wp-interactive=\"core\/file\" class=\"wp-block-file\"><object data-wp-bind--hidden=\"!state.hasPdfPreview\" hidden class=\"wp-block-file__embed\" data=\"http:\/\/liceumjodlowa.pl\/wp-content\/uploads\/2022\/11\/GAZETKA-SZKOLNA.pdf\" type=\"application\/pdf\" style=\"width:100%;height:600px\" aria-label=\"Osadzone z Osadzone z GAZETKA SZKOLNA 11-12..\"><\/object><a href=\"http:\/\/liceumjodlowa.pl\/wp-content\/uploads\/2022\/11\/GAZETKA-SZKOLNA.pdf\">GAZETKA SZKOLNA 11-12<\/a><a href=\"http:\/\/liceumjodlowa.pl\/wp-content\/uploads\/2022\/11\/GAZETKA-SZKOLNA.pdf\" class=\"wp-block-file__button\" download>Pobierz<\/a><\/div>\n\n\n\n<p>WRZESIE\u0143 \u2013 PA\u0179DZIERNIK 2022<\/p>\n\n\n\n<div data-wp-interactive=\"core\/file\" class=\"wp-block-file\"><object data-wp-bind--hidden=\"!state.hasPdfPreview\" hidden class=\"wp-block-file__embed\" data=\"http:\/\/liceumjodlowa.pl\/wp-content\/uploads\/2022\/10\/GAZETKA_SZKOLNA_9_10-1.pdf\" type=\"application\/pdf\" style=\"width:100%;height:600px\" aria-label=\"Osadzone z Osadzone z GAZETKA SZKOLNA 09 10..\"><\/object><a href=\"http:\/\/liceumjodlowa.pl\/wp-content\/uploads\/2022\/10\/GAZETKA_SZKOLNA_9_10-1.pdf\">GAZETKA SZKOLNA 09 10<\/a><a href=\"http:\/\/liceumjodlowa.pl\/wp-content\/uploads\/2022\/10\/GAZETKA_SZKOLNA_9_10-1.pdf\" class=\"wp-block-file__button\" download>Pobierz<\/a><\/div>\n","protected":false},"excerpt":{"rendered":"<p>STYCZE\u0143 &#8211; LUTY 2023 LISTOPAD &#8211; GRUDZIE\u0143 2022 WRZESIE\u0143 \u2013 PA\u0179DZIERNIK 2022<\/p>\n","protected":false},"author":1,"featured_media":0,"parent":5424,"menu_order":3,"comment_status":"closed","ping_status":"closed","template":"","meta":{"footnotes":""},"class_list":["post-5576","page","type-page","status-publish","hentry"],"_links":{"self":[{"href":"http:\/\/liceumjodlowa.pl\/index.php?rest_route=\/wp\/v2\/pages\/5576","targetHints":{"allow":["GET"]}}],"collection":[{"href":"http:\/\/liceumjodlowa.pl\/index.php?rest_route=\/wp\/v2\/pages"}],"about":[{"href":"http:\/\/liceumjodlowa.pl\/index.php?rest_route=\/wp\/v2\/types\/page"}],"author":[{"embeddable":true,"href":"http:\/\/liceumjodlowa.pl\/index.php?rest_route=\/wp\/v2\/users\/1"}],"replies":[{"embeddable":true,"href":"http:\/\/liceumjodlowa.pl\/index.php?rest_route=%2Fwp%2Fv2%2Fcomments&post=5576"}],"version-history":[{"count":11,"href":"http:\/\/liceumjodlowa.pl\/index.php?rest_route=\/wp\/v2\/pages\/5576\/revisions"}],"predecessor-version":[{"id":5963,"href":"http:\/\/liceumjodlowa.pl\/index.php?rest_route=\/wp\/v2\/pages\/5576\/revisions\/5963"}],"up":[{"embeddable":true,"href":"http:\/\/liceumjodlowa.pl\/index.php?rest_route=\/wp\/v2\/pages\/5424"}],"wp:attachment":[{"href":"http:\/\/liceumjodlowa.pl\/index.php?rest_route=%2Fwp%2Fv2%2Fmedia&parent=5576"}],"curies":[{"name":"wp","href":"https:\/\/api.w.org\/{rel}","templated":true}]}}