{"id":5424,"date":"2022-09-09T18:15:03","date_gmt":"2022-09-09T18:15:03","guid":{"rendered":"http:\/\/liceumjodlowa.pl\/?page_id=5424"},"modified":"2023-12-20T10:56:19","modified_gmt":"2023-12-20T10:56:19","slug":"biblioteka","status":"publish","type":"page","link":"http:\/\/liceumjodlowa.pl\/?page_id=5424","title":{"rendered":"BIBLIOTEKA"},"content":{"rendered":"\n<p><strong>mgr Barbara Golec<\/strong><\/p>\n\n\n\n<p><strong>mgr Magda Lachowicz<\/strong><\/p>\n\n\n\n<figure class=\"wp-block-table\"><table><tbody><tr><td><strong>Poniedzia\u0142ek<\/strong><\/td><td><strong>Wtorek<\/strong><\/td><td><strong>\u015aroda<\/strong><\/td><td><strong>Czwartek<\/strong><\/td><td><strong>Pi\u0105tek<\/strong><\/td><\/tr><tr><td><strong>12:00-12:30<\/strong><br><strong>13:20-15:00<\/strong><\/td><td><strong>10:30-12:30<\/strong><br><strong>13:20-15:00<\/strong><\/td><td><strong>07:30-10:40<\/strong><br><strong>11:30-15:00<\/strong><\/td><td><strong>07:30-10:40<\/strong><br><strong>11:30-15:00<\/strong><\/td><td><strong>07:30-10:40<\/strong><\/td><\/tr><\/tbody><\/table><\/figure>\n\n\n\n<p><\/p>\n","protected":false},"excerpt":{"rendered":"<p>mgr Barbara Golec mgr Magda Lachowicz Poniedzia\u0142ek Wtorek \u015aroda Czwartek Pi\u0105tek 12:00-12:3013:20-15:00 10:30-12:3013:20-15:00 07:30-10:4011:30-15:00 07:30-10:4011:30-15:00 07:30-10:40<\/p>\n","protected":false},"author":1,"featured_media":0,"parent":0,"menu_order":4,"comment_status":"closed","ping_status":"closed","template":"","meta":{"footnotes":""},"class_list":["post-5424","page","type-page","status-publish","hentry"],"_links":{"self":[{"href":"http:\/\/liceumjodlowa.pl\/index.php?rest_route=\/wp\/v2\/pages\/5424","targetHints":{"allow":["GET"]}}],"collection":[{"href":"http:\/\/liceumjodlowa.pl\/index.php?rest_route=\/wp\/v2\/pages"}],"about":[{"href":"http:\/\/liceumjodlowa.pl\/index.php?rest_route=\/wp\/v2\/types\/page"}],"author":[{"embeddable":true,"href":"http:\/\/liceumjodlowa.pl\/index.php?rest_route=\/wp\/v2\/users\/1"}],"replies":[{"embeddable":true,"href":"http:\/\/liceumjodlowa.pl\/index.php?rest_route=%2Fwp%2Fv2%2Fcomments&post=5424"}],"version-history":[{"count":3,"href":"http:\/\/liceumjodlowa.pl\/index.php?rest_route=\/wp\/v2\/pages\/5424\/revisions"}],"predecessor-version":[{"id":6891,"href":"http:\/\/liceumjodlowa.pl\/index.php?rest_route=\/wp\/v2\/pages\/5424\/revisions\/6891"}],"wp:attachment":[{"href":"http:\/\/liceumjodlowa.pl\/index.php?rest_route=%2Fwp%2Fv2%2Fmedia&parent=5424"}],"curies":[{"name":"wp","href":"https:\/\/api.w.org\/{rel}","templated":true}]}}