{"id":210,"date":"2016-10-25T07:32:09","date_gmt":"2016-10-25T07:32:09","guid":{"rendered":"http:\/\/liceumjodlowa.pl\/?page_id=210"},"modified":"2018-09-04T10:45:16","modified_gmt":"2018-09-04T10:45:16","slug":"kontakt","status":"publish","type":"page","link":"http:\/\/liceumjodlowa.pl\/?page_id=210","title":{"rendered":"KONTAKT"},"content":{"rendered":"<p style=\"text-align: center;\">Zesp\u00f3\u0142 Szk\u00f3\u0142 w Jod\u0142owej<\/p>\n<p style=\"text-align: center;\">39-225 Jod\u0142owa 888<\/p>\n<p style=\"text-align: center;\">tel\u00a0 (14) 683-30-58<\/p>\n<p style=\"text-align: center;\">sekretariat@liceumjodlowa.pl<\/p>\n","protected":false},"excerpt":{"rendered":"<p>Zesp\u00f3\u0142 Szk\u00f3\u0142 w Jod\u0142owej 39-225 Jod\u0142owa 888 tel\u00a0 (14) 683-30-58 sekretariat@liceumjodlowa.pl<\/p>\n","protected":false},"author":1,"featured_media":0,"parent":0,"menu_order":7,"comment_status":"closed","ping_status":"closed","template":"","meta":{"footnotes":""},"class_list":["post-210","page","type-page","status-publish","hentry"],"_links":{"self":[{"href":"http:\/\/liceumjodlowa.pl\/index.php?rest_route=\/wp\/v2\/pages\/210","targetHints":{"allow":["GET"]}}],"collection":[{"href":"http:\/\/liceumjodlowa.pl\/index.php?rest_route=\/wp\/v2\/pages"}],"about":[{"href":"http:\/\/liceumjodlowa.pl\/index.php?rest_route=\/wp\/v2\/types\/page"}],"author":[{"embeddable":true,"href":"http:\/\/liceumjodlowa.pl\/index.php?rest_route=\/wp\/v2\/users\/1"}],"replies":[{"embeddable":true,"href":"http:\/\/liceumjodlowa.pl\/index.php?rest_route=%2Fwp%2Fv2%2Fcomments&post=210"}],"version-history":[{"count":4,"href":"http:\/\/liceumjodlowa.pl\/index.php?rest_route=\/wp\/v2\/pages\/210\/revisions"}],"predecessor-version":[{"id":2033,"href":"http:\/\/liceumjodlowa.pl\/index.php?rest_route=\/wp\/v2\/pages\/210\/revisions\/2033"}],"wp:attachment":[{"href":"http:\/\/liceumjodlowa.pl\/index.php?rest_route=%2Fwp%2Fv2%2Fmedia&parent=210"}],"curies":[{"name":"wp","href":"https:\/\/api.w.org\/{rel}","templated":true}]}}